{"id":6,"date":"2023-09-25T13:43:19","date_gmt":"2023-09-25T13:43:19","guid":{"rendered":"https:\/\/evanlife.fr\/?page_id=6"},"modified":"2024-05-16T16:26:34","modified_gmt":"2024-05-16T16:26:34","slug":"medias","status":"publish","type":"page","link":"https:\/\/evanlife.fr\/?page_id=6","title":{"rendered":"M\u00e9dias"},"content":{"rendered":"\n<h2 class=\"wp-block-heading\">Photos<\/h2>\n\n\n\n<p class=\"has-medium-font-size\"><em>Les instantan\u00e9s m\u00e9morables de nos voyages \u00e7\u00e0 et l\u00e0, tissant ainsi le fil conducteur de notre r\u00e9cit&#8230;<\/em><\/p>\n\n\n\n<figure class=\"wp-block-gallery has-nested-images columns-default is-cropped wp-block-gallery-1 is-layout-flex wp-block-gallery-is-layout-flex\">\n<figure class=\"wp-block-image size-large\"><img data-recalc-dims=\"1\" loading=\"lazy\" decoding=\"async\" width=\"960\" height=\"540\" data-id=\"67\" src=\"https:\/\/i0.wp.com\/evanlife.fr\/wp-content\/uploads\/2023\/09\/20200823_114734-1.jpg?resize=960%2C540&#038;ssl=1\" alt=\"\" class=\"wp-image-67\" srcset=\"https:\/\/i0.wp.com\/evanlife.fr\/wp-content\/uploads\/2023\/09\/20200823_114734-1-scaled.jpg?resize=1024%2C576&amp;ssl=1 1024w, https:\/\/i0.wp.com\/evanlife.fr\/wp-content\/uploads\/2023\/09\/20200823_114734-1-scaled.jpg?resize=300%2C169&amp;ssl=1 300w, https:\/\/i0.wp.com\/evanlife.fr\/wp-content\/uploads\/2023\/09\/20200823_114734-1-scaled.jpg?resize=768%2C432&amp;ssl=1 768w, https:\/\/i0.wp.com\/evanlife.fr\/wp-content\/uploads\/2023\/09\/20200823_114734-1-scaled.jpg?resize=1536%2C864&amp;ssl=1 1536w, https:\/\/i0.wp.com\/evanlife.fr\/wp-content\/uploads\/2023\/09\/20200823_114734-1-scaled.jpg?resize=2048%2C1152&amp;ssl=1 2048w, https:\/\/i0.wp.com\/evanlife.fr\/wp-content\/uploads\/2023\/09\/20200823_114734-1-scaled.jpg?resize=1140%2C641&amp;ssl=1 1140w, https:\/\/i0.wp.com\/evanlife.fr\/wp-content\/uploads\/2023\/09\/20200823_114734-1-scaled.jpg?w=1920&amp;ssl=1 1920w\" sizes=\"auto, (max-width: 960px) 100vw, 960px\" \/><figcaption class=\"wp-element-caption\">Lac de Vouglans (39)<\/figcaption><\/figure>\n\n\n\n<figure class=\"wp-block-image size-large\"><img data-recalc-dims=\"1\" loading=\"lazy\" decoding=\"async\" width=\"960\" height=\"540\" data-id=\"46\" src=\"https:\/\/i0.wp.com\/evanlife.fr\/wp-content\/uploads\/2023\/09\/20200824_111224.jpg?resize=960%2C540&#038;ssl=1\" alt=\"\" class=\"wp-image-46\" srcset=\"https:\/\/i0.wp.com\/evanlife.fr\/wp-content\/uploads\/2023\/09\/20200824_111224-scaled.jpg?resize=1024%2C576&amp;ssl=1 1024w, https:\/\/i0.wp.com\/evanlife.fr\/wp-content\/uploads\/2023\/09\/20200824_111224-scaled.jpg?resize=300%2C169&amp;ssl=1 300w, https:\/\/i0.wp.com\/evanlife.fr\/wp-content\/uploads\/2023\/09\/20200824_111224-scaled.jpg?resize=768%2C432&amp;ssl=1 768w, https:\/\/i0.wp.com\/evanlife.fr\/wp-content\/uploads\/2023\/09\/20200824_111224-scaled.jpg?resize=1536%2C864&amp;ssl=1 1536w, https:\/\/i0.wp.com\/evanlife.fr\/wp-content\/uploads\/2023\/09\/20200824_111224-scaled.jpg?resize=2048%2C1152&amp;ssl=1 2048w, https:\/\/i0.wp.com\/evanlife.fr\/wp-content\/uploads\/2023\/09\/20200824_111224-scaled.jpg?w=1920&amp;ssl=1 1920w\" sizes=\"auto, (max-width: 960px) 100vw, 960px\" \/><figcaption class=\"wp-element-caption\">Lac de Sainte Croix (04)<\/figcaption><\/figure>\n\n\n\n<figure class=\"wp-block-image size-large\"><img data-recalc-dims=\"1\" loading=\"lazy\" decoding=\"async\" width=\"960\" height=\"540\" data-id=\"47\" src=\"https:\/\/i0.wp.com\/evanlife.fr\/wp-content\/uploads\/2023\/09\/20200827_204208.jpg?resize=960%2C540&#038;ssl=1\" alt=\"\" class=\"wp-image-47\" srcset=\"https:\/\/i0.wp.com\/evanlife.fr\/wp-content\/uploads\/2023\/09\/20200827_204208-scaled.jpg?resize=1024%2C576&amp;ssl=1 1024w, https:\/\/i0.wp.com\/evanlife.fr\/wp-content\/uploads\/2023\/09\/20200827_204208-scaled.jpg?resize=300%2C169&amp;ssl=1 300w, https:\/\/i0.wp.com\/evanlife.fr\/wp-content\/uploads\/2023\/09\/20200827_204208-scaled.jpg?resize=768%2C432&amp;ssl=1 768w, https:\/\/i0.wp.com\/evanlife.fr\/wp-content\/uploads\/2023\/09\/20200827_204208-scaled.jpg?resize=1536%2C864&amp;ssl=1 1536w, https:\/\/i0.wp.com\/evanlife.fr\/wp-content\/uploads\/2023\/09\/20200827_204208-scaled.jpg?resize=2048%2C1152&amp;ssl=1 2048w, https:\/\/i0.wp.com\/evanlife.fr\/wp-content\/uploads\/2023\/09\/20200827_204208-scaled.jpg?w=1920&amp;ssl=1 1920w\" sizes=\"auto, (max-width: 960px) 100vw, 960px\" \/><figcaption class=\"wp-element-caption\">La Mercantine (39)<\/figcaption><\/figure>\n\n\n\n<figure class=\"wp-block-image size-large\"><img data-recalc-dims=\"1\" loading=\"lazy\" decoding=\"async\" width=\"960\" height=\"540\" data-id=\"44\" src=\"https:\/\/i0.wp.com\/evanlife.fr\/wp-content\/uploads\/2023\/09\/20200822_202632.jpg?resize=960%2C540&#038;ssl=1\" alt=\"\" class=\"wp-image-44\" srcset=\"https:\/\/i0.wp.com\/evanlife.fr\/wp-content\/uploads\/2023\/09\/20200822_202632-scaled.jpg?resize=1024%2C576&amp;ssl=1 1024w, https:\/\/i0.wp.com\/evanlife.fr\/wp-content\/uploads\/2023\/09\/20200822_202632-scaled.jpg?resize=300%2C169&amp;ssl=1 300w, https:\/\/i0.wp.com\/evanlife.fr\/wp-content\/uploads\/2023\/09\/20200822_202632-scaled.jpg?resize=768%2C432&amp;ssl=1 768w, https:\/\/i0.wp.com\/evanlife.fr\/wp-content\/uploads\/2023\/09\/20200822_202632-scaled.jpg?resize=1536%2C864&amp;ssl=1 1536w, https:\/\/i0.wp.com\/evanlife.fr\/wp-content\/uploads\/2023\/09\/20200822_202632-scaled.jpg?resize=2048%2C1152&amp;ssl=1 2048w, https:\/\/i0.wp.com\/evanlife.fr\/wp-content\/uploads\/2023\/09\/20200822_202632-scaled.jpg?w=1920&amp;ssl=1 1920w\" sizes=\"auto, (max-width: 960px) 100vw, 960px\" \/><figcaption class=\"wp-element-caption\">Lac de Chalain (39)<\/figcaption><\/figure>\n\n\n\n<figure class=\"wp-block-image size-large\"><img data-recalc-dims=\"1\" loading=\"lazy\" decoding=\"async\" width=\"960\" height=\"540\" data-id=\"43\" src=\"https:\/\/i0.wp.com\/evanlife.fr\/wp-content\/uploads\/2023\/09\/20200813_154613.jpg?resize=960%2C540&#038;ssl=1\" alt=\"\" class=\"wp-image-43\" srcset=\"https:\/\/i0.wp.com\/evanlife.fr\/wp-content\/uploads\/2023\/09\/20200813_154613-scaled.jpg?resize=1024%2C576&amp;ssl=1 1024w, https:\/\/i0.wp.com\/evanlife.fr\/wp-content\/uploads\/2023\/09\/20200813_154613-scaled.jpg?resize=300%2C169&amp;ssl=1 300w, https:\/\/i0.wp.com\/evanlife.fr\/wp-content\/uploads\/2023\/09\/20200813_154613-scaled.jpg?resize=768%2C432&amp;ssl=1 768w, https:\/\/i0.wp.com\/evanlife.fr\/wp-content\/uploads\/2023\/09\/20200813_154613-scaled.jpg?resize=1536%2C864&amp;ssl=1 1536w, https:\/\/i0.wp.com\/evanlife.fr\/wp-content\/uploads\/2023\/09\/20200813_154613-scaled.jpg?resize=2048%2C1152&amp;ssl=1 2048w, https:\/\/i0.wp.com\/evanlife.fr\/wp-content\/uploads\/2023\/09\/20200813_154613-scaled.jpg?w=1920&amp;ssl=1 1920w\" sizes=\"auto, (max-width: 960px) 100vw, 960px\" \/><figcaption class=\"wp-element-caption\">Groix (56)<\/figcaption><\/figure>\n\n\n\n<figure class=\"wp-block-image size-large\"><img data-recalc-dims=\"1\" loading=\"lazy\" decoding=\"async\" width=\"960\" height=\"540\" data-id=\"128\" src=\"https:\/\/i0.wp.com\/evanlife.fr\/wp-content\/uploads\/2023\/09\/20200612_215159-1.jpg?resize=960%2C540&#038;ssl=1\" alt=\"\" class=\"wp-image-128\" srcset=\"https:\/\/i0.wp.com\/evanlife.fr\/wp-content\/uploads\/2023\/09\/20200612_215159-1-scaled.jpg?resize=1024%2C576&amp;ssl=1 1024w, https:\/\/i0.wp.com\/evanlife.fr\/wp-content\/uploads\/2023\/09\/20200612_215159-1-scaled.jpg?resize=300%2C169&amp;ssl=1 300w, https:\/\/i0.wp.com\/evanlife.fr\/wp-content\/uploads\/2023\/09\/20200612_215159-1-scaled.jpg?resize=768%2C432&amp;ssl=1 768w, https:\/\/i0.wp.com\/evanlife.fr\/wp-content\/uploads\/2023\/09\/20200612_215159-1-scaled.jpg?resize=1536%2C864&amp;ssl=1 1536w, https:\/\/i0.wp.com\/evanlife.fr\/wp-content\/uploads\/2023\/09\/20200612_215159-1-scaled.jpg?resize=2048%2C1152&amp;ssl=1 2048w, https:\/\/i0.wp.com\/evanlife.fr\/wp-content\/uploads\/2023\/09\/20200612_215159-1-scaled.jpg?resize=1140%2C641&amp;ssl=1 1140w, https:\/\/i0.wp.com\/evanlife.fr\/wp-content\/uploads\/2023\/09\/20200612_215159-1-scaled.jpg?w=1920&amp;ssl=1 1920w\" sizes=\"auto, (max-width: 960px) 100vw, 960px\" \/><figcaption class=\"wp-element-caption\">Les vir\u00e9es du soir&#8230;<\/figcaption><\/figure>\n\n\n\n<figure class=\"wp-block-image size-large\"><img data-recalc-dims=\"1\" loading=\"lazy\" decoding=\"async\" width=\"960\" height=\"540\" data-id=\"129\" src=\"https:\/\/i0.wp.com\/evanlife.fr\/wp-content\/uploads\/2023\/09\/20200810_215033-1.jpg?resize=960%2C540&#038;ssl=1\" alt=\"\" class=\"wp-image-129\" srcset=\"https:\/\/i0.wp.com\/evanlife.fr\/wp-content\/uploads\/2023\/09\/20200810_215033-1-scaled.jpg?resize=1024%2C576&amp;ssl=1 1024w, https:\/\/i0.wp.com\/evanlife.fr\/wp-content\/uploads\/2023\/09\/20200810_215033-1-scaled.jpg?resize=300%2C169&amp;ssl=1 300w, https:\/\/i0.wp.com\/evanlife.fr\/wp-content\/uploads\/2023\/09\/20200810_215033-1-scaled.jpg?resize=768%2C432&amp;ssl=1 768w, https:\/\/i0.wp.com\/evanlife.fr\/wp-content\/uploads\/2023\/09\/20200810_215033-1-scaled.jpg?resize=1536%2C864&amp;ssl=1 1536w, https:\/\/i0.wp.com\/evanlife.fr\/wp-content\/uploads\/2023\/09\/20200810_215033-1-scaled.jpg?resize=2048%2C1152&amp;ssl=1 2048w, https:\/\/i0.wp.com\/evanlife.fr\/wp-content\/uploads\/2023\/09\/20200810_215033-1-scaled.jpg?resize=1140%2C641&amp;ssl=1 1140w, https:\/\/i0.wp.com\/evanlife.fr\/wp-content\/uploads\/2023\/09\/20200810_215033-1-scaled.jpg?w=1920&amp;ssl=1 1920w\" sizes=\"auto, (max-width: 960px) 100vw, 960px\" \/><figcaption class=\"wp-element-caption\">Groix (56)<\/figcaption><\/figure>\n\n\n\n<figure class=\"wp-block-image size-large\"><img data-recalc-dims=\"1\" loading=\"lazy\" decoding=\"async\" width=\"960\" height=\"960\" data-id=\"57\" src=\"https:\/\/i0.wp.com\/evanlife.fr\/wp-content\/uploads\/2023\/09\/IMG_20220717_225051_698.jpg?resize=960%2C960&#038;ssl=1\" alt=\"\" class=\"wp-image-57\" srcset=\"https:\/\/i0.wp.com\/evanlife.fr\/wp-content\/uploads\/2023\/09\/IMG_20220717_225051_698-scaled.jpg?resize=1024%2C1024&amp;ssl=1 1024w, https:\/\/i0.wp.com\/evanlife.fr\/wp-content\/uploads\/2023\/09\/IMG_20220717_225051_698-scaled.jpg?resize=300%2C300&amp;ssl=1 300w, https:\/\/i0.wp.com\/evanlife.fr\/wp-content\/uploads\/2023\/09\/IMG_20220717_225051_698-scaled.jpg?resize=150%2C150&amp;ssl=1 150w, https:\/\/i0.wp.com\/evanlife.fr\/wp-content\/uploads\/2023\/09\/IMG_20220717_225051_698-scaled.jpg?resize=768%2C768&amp;ssl=1 768w, https:\/\/i0.wp.com\/evanlife.fr\/wp-content\/uploads\/2023\/09\/IMG_20220717_225051_698-scaled.jpg?resize=1536%2C1536&amp;ssl=1 1536w, https:\/\/i0.wp.com\/evanlife.fr\/wp-content\/uploads\/2023\/09\/IMG_20220717_225051_698-scaled.jpg?resize=2048%2C2048&amp;ssl=1 2048w, https:\/\/i0.wp.com\/evanlife.fr\/wp-content\/uploads\/2023\/09\/IMG_20220717_225051_698-scaled.jpg?w=1920&amp;ssl=1 1920w\" sizes=\"auto, (max-width: 960px) 100vw, 960px\" \/><figcaption class=\"wp-element-caption\">Une autre passion&#8230;.<\/figcaption><\/figure>\n\n\n\n<figure class=\"wp-block-image size-large\"><img data-recalc-dims=\"1\" loading=\"lazy\" decoding=\"async\" width=\"960\" height=\"540\" data-id=\"50\" src=\"https:\/\/i0.wp.com\/evanlife.fr\/wp-content\/uploads\/2023\/09\/20220710_211230.jpg?resize=960%2C540&#038;ssl=1\" alt=\"\" class=\"wp-image-50\" srcset=\"https:\/\/i0.wp.com\/evanlife.fr\/wp-content\/uploads\/2023\/09\/20220710_211230-scaled.jpg?resize=1024%2C576&amp;ssl=1 1024w, https:\/\/i0.wp.com\/evanlife.fr\/wp-content\/uploads\/2023\/09\/20220710_211230-scaled.jpg?resize=300%2C169&amp;ssl=1 300w, https:\/\/i0.wp.com\/evanlife.fr\/wp-content\/uploads\/2023\/09\/20220710_211230-scaled.jpg?resize=768%2C432&amp;ssl=1 768w, https:\/\/i0.wp.com\/evanlife.fr\/wp-content\/uploads\/2023\/09\/20220710_211230-scaled.jpg?resize=1536%2C864&amp;ssl=1 1536w, https:\/\/i0.wp.com\/evanlife.fr\/wp-content\/uploads\/2023\/09\/20220710_211230-scaled.jpg?resize=2048%2C1152&amp;ssl=1 2048w, https:\/\/i0.wp.com\/evanlife.fr\/wp-content\/uploads\/2023\/09\/20220710_211230-scaled.jpg?w=1920&amp;ssl=1 1920w\" sizes=\"auto, (max-width: 960px) 100vw, 960px\" \/><figcaption class=\"wp-element-caption\">Lipsheim (67)<\/figcaption><\/figure>\n\n\n\n<figure class=\"wp-block-image size-large\"><img data-recalc-dims=\"1\" loading=\"lazy\" decoding=\"async\" width=\"576\" height=\"1024\" data-id=\"49\" src=\"https:\/\/i0.wp.com\/evanlife.fr\/wp-content\/uploads\/2023\/09\/20220529_123813.jpg?resize=576%2C1024&#038;ssl=1\" alt=\"\" class=\"wp-image-49\" srcset=\"https:\/\/i0.wp.com\/evanlife.fr\/wp-content\/uploads\/2023\/09\/20220529_123813-scaled.jpg?resize=576%2C1024&amp;ssl=1 576w, https:\/\/i0.wp.com\/evanlife.fr\/wp-content\/uploads\/2023\/09\/20220529_123813-scaled.jpg?resize=169%2C300&amp;ssl=1 169w, https:\/\/i0.wp.com\/evanlife.fr\/wp-content\/uploads\/2023\/09\/20220529_123813-scaled.jpg?resize=768%2C1365&amp;ssl=1 768w, https:\/\/i0.wp.com\/evanlife.fr\/wp-content\/uploads\/2023\/09\/20220529_123813-scaled.jpg?resize=864%2C1536&amp;ssl=1 864w, https:\/\/i0.wp.com\/evanlife.fr\/wp-content\/uploads\/2023\/09\/20220529_123813-scaled.jpg?resize=1152%2C2048&amp;ssl=1 1152w, https:\/\/i0.wp.com\/evanlife.fr\/wp-content\/uploads\/2023\/09\/20220529_123813-scaled.jpg?w=1440&amp;ssl=1 1440w\" sizes=\"auto, (max-width: 576px) 100vw, 576px\" \/><figcaption class=\"wp-element-caption\">Gorges de La Langouette (39)<\/figcaption><\/figure>\n\n\n\n<figure class=\"wp-block-image size-large\"><img data-recalc-dims=\"1\" loading=\"lazy\" decoding=\"async\" width=\"960\" height=\"540\" data-id=\"48\" src=\"https:\/\/i0.wp.com\/evanlife.fr\/wp-content\/uploads\/2023\/09\/20220528_162715.jpg?resize=960%2C540&#038;ssl=1\" alt=\"\" class=\"wp-image-48\" srcset=\"https:\/\/i0.wp.com\/evanlife.fr\/wp-content\/uploads\/2023\/09\/20220528_162715-scaled.jpg?resize=1024%2C576&amp;ssl=1 1024w, https:\/\/i0.wp.com\/evanlife.fr\/wp-content\/uploads\/2023\/09\/20220528_162715-scaled.jpg?resize=300%2C169&amp;ssl=1 300w, https:\/\/i0.wp.com\/evanlife.fr\/wp-content\/uploads\/2023\/09\/20220528_162715-scaled.jpg?resize=768%2C432&amp;ssl=1 768w, https:\/\/i0.wp.com\/evanlife.fr\/wp-content\/uploads\/2023\/09\/20220528_162715-scaled.jpg?resize=1536%2C864&amp;ssl=1 1536w, https:\/\/i0.wp.com\/evanlife.fr\/wp-content\/uploads\/2023\/09\/20220528_162715-scaled.jpg?resize=2048%2C1152&amp;ssl=1 2048w, https:\/\/i0.wp.com\/evanlife.fr\/wp-content\/uploads\/2023\/09\/20220528_162715-scaled.jpg?w=1920&amp;ssl=1 1920w\" sizes=\"auto, (max-width: 960px) 100vw, 960px\" \/><figcaption class=\"wp-element-caption\">Cascades du H\u00e9risson (39)<\/figcaption><\/figure>\n\n\n\n<figure class=\"wp-block-image size-large\"><img data-recalc-dims=\"1\" loading=\"lazy\" decoding=\"async\" width=\"960\" height=\"540\" data-id=\"52\" src=\"https:\/\/i0.wp.com\/evanlife.fr\/wp-content\/uploads\/2023\/09\/20221016_173522.jpg?resize=960%2C540&#038;ssl=1\" alt=\"\" class=\"wp-image-52\" srcset=\"https:\/\/i0.wp.com\/evanlife.fr\/wp-content\/uploads\/2023\/09\/20221016_173522-scaled.jpg?resize=1024%2C576&amp;ssl=1 1024w, https:\/\/i0.wp.com\/evanlife.fr\/wp-content\/uploads\/2023\/09\/20221016_173522-scaled.jpg?resize=300%2C169&amp;ssl=1 300w, https:\/\/i0.wp.com\/evanlife.fr\/wp-content\/uploads\/2023\/09\/20221016_173522-scaled.jpg?resize=768%2C432&amp;ssl=1 768w, https:\/\/i0.wp.com\/evanlife.fr\/wp-content\/uploads\/2023\/09\/20221016_173522-scaled.jpg?resize=1536%2C864&amp;ssl=1 1536w, https:\/\/i0.wp.com\/evanlife.fr\/wp-content\/uploads\/2023\/09\/20221016_173522-scaled.jpg?resize=2048%2C1152&amp;ssl=1 2048w, https:\/\/i0.wp.com\/evanlife.fr\/wp-content\/uploads\/2023\/09\/20221016_173522-scaled.jpg?w=1920&amp;ssl=1 1920w\" sizes=\"auto, (max-width: 960px) 100vw, 960px\" \/><figcaption class=\"wp-element-caption\">Le chemin de la destin\u00e9e n&rsquo;est jamais aussi&#8230;droit.<\/figcaption><\/figure>\n\n\n\n<figure class=\"wp-block-image size-large\"><img data-recalc-dims=\"1\" loading=\"lazy\" decoding=\"async\" width=\"960\" height=\"540\" data-id=\"53\" src=\"https:\/\/i0.wp.com\/evanlife.fr\/wp-content\/uploads\/2023\/09\/20221111_171640.jpg?resize=960%2C540&#038;ssl=1\" alt=\"\" class=\"wp-image-53\" srcset=\"https:\/\/i0.wp.com\/evanlife.fr\/wp-content\/uploads\/2023\/09\/20221111_171640-scaled.jpg?resize=1024%2C576&amp;ssl=1 1024w, https:\/\/i0.wp.com\/evanlife.fr\/wp-content\/uploads\/2023\/09\/20221111_171640-scaled.jpg?resize=300%2C169&amp;ssl=1 300w, https:\/\/i0.wp.com\/evanlife.fr\/wp-content\/uploads\/2023\/09\/20221111_171640-scaled.jpg?resize=768%2C432&amp;ssl=1 768w, https:\/\/i0.wp.com\/evanlife.fr\/wp-content\/uploads\/2023\/09\/20221111_171640-scaled.jpg?resize=1536%2C864&amp;ssl=1 1536w, https:\/\/i0.wp.com\/evanlife.fr\/wp-content\/uploads\/2023\/09\/20221111_171640-scaled.jpg?resize=2048%2C1152&amp;ssl=1 2048w, https:\/\/i0.wp.com\/evanlife.fr\/wp-content\/uploads\/2023\/09\/20221111_171640-scaled.jpg?w=1920&amp;ssl=1 1920w\" sizes=\"auto, (max-width: 960px) 100vw, 960px\" \/><figcaption class=\"wp-element-caption\">Notre petit chez nous quelque part&#8230;<\/figcaption><\/figure>\n<\/figure>\n\n\n\n<h2 class=\"wp-block-heading\">Shorts et Vid\u00e9os<\/h2>\n\n\n\n<figure class=\"wp-block-gallery has-nested-images columns-default is-cropped wp-block-gallery-2 is-layout-flex wp-block-gallery-is-layout-flex\"><\/figure>\n\n\n\n<p><em>Nos vid\u00e9os&#8230;<\/em><\/p>\n\n\n\n<p><\/p>\n","protected":false},"excerpt":{"rendered":"<p>Photos Les instantan\u00e9s m\u00e9morables de nos voyages \u00e7\u00e0 et l\u00e0, tissant ainsi le fil conducteur de notre r\u00e9cit&#8230; Shorts et Vid\u00e9os Nos vid\u00e9os&#8230;<\/p>\n","protected":false},"author":1,"featured_media":0,"parent":0,"menu_order":4,"comment_status":"closed","ping_status":"closed","template":"","meta":{"editor_plus_copied_stylings":"{}","footnotes":""},"class_list":["post-6","page","type-page","status-publish","hentry"],"jetpack_sharing_enabled":true,"_links":{"self":[{"href":"https:\/\/evanlife.fr\/index.php?rest_route=\/wp\/v2\/pages\/6","targetHints":{"allow":["GET"]}}],"collection":[{"href":"https:\/\/evanlife.fr\/index.php?rest_route=\/wp\/v2\/pages"}],"about":[{"href":"https:\/\/evanlife.fr\/index.php?rest_route=\/wp\/v2\/types\/page"}],"author":[{"embeddable":true,"href":"https:\/\/evanlife.fr\/index.php?rest_route=\/wp\/v2\/users\/1"}],"replies":[{"embeddable":true,"href":"https:\/\/evanlife.fr\/index.php?rest_route=%2Fwp%2Fv2%2Fcomments&post=6"}],"version-history":[{"count":8,"href":"https:\/\/evanlife.fr\/index.php?rest_route=\/wp\/v2\/pages\/6\/revisions"}],"predecessor-version":[{"id":180,"href":"https:\/\/evanlife.fr\/index.php?rest_route=\/wp\/v2\/pages\/6\/revisions\/180"}],"wp:attachment":[{"href":"https:\/\/evanlife.fr\/index.php?rest_route=%2Fwp%2Fv2%2Fmedia&parent=6"}],"curies":[{"name":"wp","href":"https:\/\/api.w.org\/{rel}","templated":true}]}}