{"id":89,"date":"2023-09-25T15:14:30","date_gmt":"2023-09-25T15:14:30","guid":{"rendered":"https:\/\/evanlife.fr\/?page_id=89"},"modified":"2026-02-06T08:06:13","modified_gmt":"2026-02-06T08:06:13","slug":"on-aime-aussi","status":"publish","type":"page","link":"https:\/\/evanlife.fr\/?page_id=89","title":{"rendered":"On aime aussi&#8230;"},"content":{"rendered":"\n<p class=\" has-text-align-center eplus-wrapper\"><em>(Cliquez sur les banni\u00e8res violettes pour visiter leur site)<\/em><\/p>\n\n\n<div class=\"wp-block-columns eplus-wrapper is-layout-flex wp-container-core-columns-is-layout-28f84493 wp-block-columns-is-layout-flex eplus-styles-uid-8a4bef\">\n<div class=\"wp-block-column eplus-wrapper is-layout-flow wp-block-column-is-layout-flow\">\n<figure class=\" wp-block-image size-large eplus-wrapper\"><img data-recalc-dims=\"1\" loading=\"lazy\" decoding=\"async\" width=\"960\" height=\"640\" src=\"https:\/\/i0.wp.com\/evanlife.fr\/wp-content\/uploads\/2026\/02\/5014855.webp?resize=960%2C640&#038;ssl=1\" alt=\"\" class=\"wp-image-387\" srcset=\"https:\/\/i0.wp.com\/evanlife.fr\/wp-content\/uploads\/2026\/02\/5014855.webp?resize=1024%2C683&amp;ssl=1 1024w, https:\/\/i0.wp.com\/evanlife.fr\/wp-content\/uploads\/2026\/02\/5014855.webp?resize=300%2C200&amp;ssl=1 300w, https:\/\/i0.wp.com\/evanlife.fr\/wp-content\/uploads\/2026\/02\/5014855.webp?resize=768%2C512&amp;ssl=1 768w, https:\/\/i0.wp.com\/evanlife.fr\/wp-content\/uploads\/2026\/02\/5014855.webp?resize=1140%2C760&amp;ssl=1 1140w, https:\/\/i0.wp.com\/evanlife.fr\/wp-content\/uploads\/2026\/02\/5014855.webp?w=1252&amp;ssl=1 1252w\" sizes=\"auto, (max-width: 960px) 100vw, 960px\" \/><\/figure>\n<\/div>\n\n\n\n<div class=\"wp-block-column is-vertically-aligned-center eplus-wrapper is-layout-flow wp-block-column-is-layout-flow\">\n<div class=\"wp-block-buttons eplus-wrapper is-content-justification-center is-layout-flex wp-container-core-buttons-is-layout-72caf8c6 wp-block-buttons-is-layout-flex\"><div class=\"hovered is-style-fill wp-block-button eplus-wrapper eplus-styles-uid-859f17\"><a class=\"wp-block-button__link has-white-color has-text-color has-background has-link-color wp-element-button\" href=\"https:\/\/www.dansunbattementdelle.fr\/\" style=\"border-style:none;border-width:0px;border-top-left-radius:26px;border-top-right-radius:26px;border-bottom-left-radius:26px;border-bottom-right-radius:26px;background:linear-gradient(135deg,rgba(6,147,227,1) 0%,rgb(155,81,224) 100%)\"><em>Marion Henin, une d\u00e9couverte magique, enivrante dans ses textes, une histoire de vie <\/em>\u00e0<em> lire dans un battement \u00ab\u00a0d&rsquo;elle\u00a0\u00bb<\/em><\/a><\/div><\/div>\n<\/div>\n<\/div>\n\n<div class=\"wp-block-columns eplus-wrapper is-layout-flex wp-container-core-columns-is-layout-28f84493 wp-block-columns-is-layout-flex eplus-styles-uid-58674b\">\n<div class=\"wp-block-column eplus-wrapper is-layout-flow wp-block-column-is-layout-flow\">\n<figure class=\" wp-block-image size-large eplus-wrapper\"><img data-recalc-dims=\"1\" loading=\"lazy\" decoding=\"async\" width=\"960\" height=\"641\" src=\"https:\/\/i0.wp.com\/evanlife.fr\/wp-content\/uploads\/2023\/09\/Morgane-_-Jeff-32.jpg?resize=960%2C641&#038;ssl=1\" alt=\"\" class=\"wp-image-115\" srcset=\"https:\/\/i0.wp.com\/evanlife.fr\/wp-content\/uploads\/2023\/09\/Morgane-_-Jeff-32-scaled.jpg?resize=1024%2C684&amp;ssl=1 1024w, https:\/\/i0.wp.com\/evanlife.fr\/wp-content\/uploads\/2023\/09\/Morgane-_-Jeff-32-scaled.jpg?resize=300%2C200&amp;ssl=1 300w, https:\/\/i0.wp.com\/evanlife.fr\/wp-content\/uploads\/2023\/09\/Morgane-_-Jeff-32-scaled.jpg?resize=768%2C513&amp;ssl=1 768w, https:\/\/i0.wp.com\/evanlife.fr\/wp-content\/uploads\/2023\/09\/Morgane-_-Jeff-32-scaled.jpg?resize=1536%2C1025&amp;ssl=1 1536w, https:\/\/i0.wp.com\/evanlife.fr\/wp-content\/uploads\/2023\/09\/Morgane-_-Jeff-32-scaled.jpg?resize=2048%2C1367&amp;ssl=1 2048w, https:\/\/i0.wp.com\/evanlife.fr\/wp-content\/uploads\/2023\/09\/Morgane-_-Jeff-32-scaled.jpg?resize=1140%2C761&amp;ssl=1 1140w, https:\/\/i0.wp.com\/evanlife.fr\/wp-content\/uploads\/2023\/09\/Morgane-_-Jeff-32-scaled.jpg?w=1920&amp;ssl=1 1920w\" sizes=\"auto, (max-width: 960px) 100vw, 960px\" \/><\/figure>\n<\/div>\n\n\n\n<div class=\"wp-block-column is-vertically-aligned-center eplus-wrapper is-layout-flow wp-block-column-is-layout-flow\">\n<div class=\"wp-block-buttons eplus-wrapper is-content-justification-center is-layout-flex wp-container-core-buttons-is-layout-a89b3969 wp-block-buttons-is-layout-flex\"><div class=\"hovered wp-block-button eplus-wrapper eplus-styles-uid-10f7e4\"><a class=\"wp-block-button__link has-background wp-element-button\" href=\"https:\/\/morganeg.fr\/\" style=\"border-radius:26px;background:linear-gradient(135deg,rgb(6,147,227) 0%,rgb(155,81,224) 100%)\"><em>Morgane G, une artiste folk \u00e0 part enti\u00e8re, unique, g\u00e9n\u00e9reuse. A d\u00e9couvrir ou \u00e0 red\u00e9couvrir&#8230; <\/em><\/a><\/div><\/div>\n<\/div>\n<\/div>\n\n<div class=\"wp-block-columns eplus-wrapper is-layout-flex wp-container-core-columns-is-layout-28f84493 wp-block-columns-is-layout-flex eplus-styles-uid-80bff1\">\n<div class=\"wp-block-column eplus-wrapper is-layout-flow wp-block-column-is-layout-flow\">\n<figure class=\" wp-block-embed is-type-video is-provider-youtube wp-block-embed-youtube eplus-wrapper\"><div class=\"wp-block-embed__wrapper\">\n<iframe loading=\"lazy\" title=\"Vanlife, les nouveaux nomades \ud83d\udcfd\" width=\"960\" height=\"540\" src=\"https:\/\/www.youtube.com\/embed\/eixdDY1OKek?feature=oembed\" frameborder=\"0\" allow=\"accelerometer; autoplay; clipboard-write; encrypted-media; gyroscope; picture-in-picture; web-share\" referrerpolicy=\"strict-origin-when-cross-origin\" allowfullscreen><\/iframe>\n<\/div><\/figure>\n<\/div>\n\n\n\n<div class=\"wp-block-column is-vertically-aligned-center eplus-wrapper is-layout-flow wp-block-column-is-layout-flow\">\n<div class=\"wp-block-buttons eplus-wrapper is-layout-flex wp-block-buttons-is-layout-flex\"><div class=\" wp-block-button eplus-wrapper eplus-styles-uid-d01c7e\"><a class=\"wp-block-button__link has-background wp-element-button\" href=\"https:\/\/lescoflocs.com\/\" style=\"border-radius:26px;background:linear-gradient(135deg,rgb(6,147,227) 0%,rgb(155,81,224) 100%)\"><em>Le formidable documentaire sur \u00ab\u00a0les nouveaux nomades\u00a0\u00bb r\u00e9alis\u00e9 par les Coflocs. <\/em><\/a><\/div><\/div>\n<\/div>\n<\/div>\n\n<div class=\"wp-block-columns eplus-wrapper is-layout-flex wp-container-core-columns-is-layout-28f84493 wp-block-columns-is-layout-flex eplus-styles-uid-9b44de\">\n<div class=\"wp-block-column eplus-wrapper is-layout-flow wp-block-column-is-layout-flow\">\n<figure class=\" wp-block-embed is-type-video is-provider-youtube wp-block-embed-youtube eplus-wrapper\"><div class=\"wp-block-embed__wrapper\">\n<iframe loading=\"lazy\" title=\"J'AI TOUT QUITT\u00c9 POUR UN ROADTRIP ! EDITION REMASTERIS\u00c9E I BEN BLAKE\" width=\"960\" height=\"540\" src=\"https:\/\/www.youtube.com\/embed\/rGElCJyxS9c?feature=oembed\" frameborder=\"0\" allow=\"accelerometer; autoplay; clipboard-write; encrypted-media; gyroscope; picture-in-picture; web-share\" referrerpolicy=\"strict-origin-when-cross-origin\" allowfullscreen><\/iframe>\n<\/div><\/figure>\n<\/div>\n\n\n\n<div class=\"wp-block-column is-vertically-aligned-center eplus-wrapper is-layout-flow wp-block-column-is-layout-flow\">\n<div class=\"wp-block-buttons eplus-wrapper is-layout-flex wp-block-buttons-is-layout-flex\"><div class=\" wp-block-button eplus-wrapper eplus-styles-uid-c005fb\"><a class=\"wp-block-button__link has-background wp-element-button\" href=\"https:\/\/www.equipeesauvage.com\/\" style=\"border-radius:26px;background:linear-gradient(135deg,rgb(6,147,227) 0%,rgb(155,81,224) 100%)\"><em>Ben Blake , son \u00e9quip\u00e9e sauvage et les magnifiques vid\u00e9os de ses road-trips.<\/em><\/a><\/div><\/div>\n<\/div>\n<\/div>","protected":false},"excerpt":{"rendered":"<p>(Cliquez sur les banni\u00e8res violettes pour visiter leur site)<\/p>\n","protected":false},"author":1,"featured_media":0,"parent":0,"menu_order":6,"comment_status":"closed","ping_status":"closed","template":"","meta":{"editor_plus_copied_stylings":"{}","footnotes":""},"class_list":["post-89","page","type-page","status-publish","hentry"],"jetpack_sharing_enabled":true,"_links":{"self":[{"href":"https:\/\/evanlife.fr\/index.php?rest_route=\/wp\/v2\/pages\/89","targetHints":{"allow":["GET"]}}],"collection":[{"href":"https:\/\/evanlife.fr\/index.php?rest_route=\/wp\/v2\/pages"}],"about":[{"href":"https:\/\/evanlife.fr\/index.php?rest_route=\/wp\/v2\/types\/page"}],"author":[{"embeddable":true,"href":"https:\/\/evanlife.fr\/index.php?rest_route=\/wp\/v2\/users\/1"}],"replies":[{"embeddable":true,"href":"https:\/\/evanlife.fr\/index.php?rest_route=%2Fwp%2Fv2%2Fcomments&post=89"}],"version-history":[{"count":47,"href":"https:\/\/evanlife.fr\/index.php?rest_route=\/wp\/v2\/pages\/89\/revisions"}],"predecessor-version":[{"id":394,"href":"https:\/\/evanlife.fr\/index.php?rest_route=\/wp\/v2\/pages\/89\/revisions\/394"}],"wp:attachment":[{"href":"https:\/\/evanlife.fr\/index.php?rest_route=%2Fwp%2Fv2%2Fmedia&parent=89"}],"curies":[{"name":"wp","href":"https:\/\/api.w.org\/{rel}","templated":true}]}}